{"id":2,"date":"2017-11-29T16:25:42","date_gmt":"2017-11-29T15:25:42","guid":{"rendered":"http:\/\/dagstarfilmdagmarnieha.apps-1and1.net\/?page_id=2"},"modified":"2025-01-08T16:45:52","modified_gmt":"2025-01-08T15:45:52","slug":"impressum","status":"publish","type":"page","link":"https:\/\/dagstarfilm.de\/en\/impressum","title":{"rendered":"Imprint"},"content":{"rendered":"<p><strong>Dagstar Film GmbH<\/strong><br \/>\nHirschg\u00e4\u00dfchen 2a<br \/>\n50678 K\u00f6ln<br \/>\nGermany<\/p>\n<p>Handelsregister HRB 106408 AG K\u00f6ln<\/p>\n<p>Fon +49-221-9318 4413<br \/>\nFax +49-221-9318 4419<br \/>\ninfo@dagstarfilm.de<br \/>\nwww.dagstarfilm.de<\/p>\n<p><strong>Impressum<\/strong><br \/>\nVertretungsberechtigter im Sinne des \u00a710 Abs. 1 Nr. 2 und Verantwortlicher nach \u00a710 Abs. 3 MDStV: Dagmar Blume-Niehage<br \/>\nGesch\u00e4ftsf\u00fchrerin: Dagmar Blume-Niehage<\/p>\n<p>Dagstar Film GmbH<br \/>\nHirschg\u00e4\u00dfchen 2a<br \/>\n50678 K\u00f6ln<br \/>\n\u00a9 Dagstar Film GmbH, K\u00f6ln<\/p>\n<p><strong>Rechtshinweis<br \/>\n<\/strong>Dagstar Film GmbH pr\u00fcft und aktualisiert die Informationen auf ihrer Website st\u00e4ndig. Trotz aller Sorgfalt k\u00f6nnen sich die Daten inzwischen ver\u00e4ndert haben. Eine Haftung oder Garantie f\u00fcr die Aktualit\u00e4t, Richtigkeit und Vollst\u00e4ndigkeit der zur Verf\u00fcgung gestellten Informationen kann daher nicht \u00fcbernommen werden. F\u00fcr etwaige Sch\u00e4den, die beim Aufrufen oder Herunterladen von Daten durch Computerviren oder der Installation oder Nutzung von Software verursacht werden, wird nicht gehaftet.<\/p>\n<p>Gleiches gilt auch f\u00fcr alle anderen Websites, auf die mittels Hyperlink verwiesen wird. Dagstar Film GmbH ist f\u00fcr den Inhalt der Websites, die aufgrund einer solchen Verbindung erreicht werden, nicht verantwortlich.<\/p>\n<p>Des weiteren beh\u00e4lt sich die Dagstar Film GmbH das Recht vor, \u00c4nderungen oder Erg\u00e4nzungen der bereitgestellten Informationen vorzunehmen.<\/p>\n<p>Inhalt und Struktur der Dagstar Film GmbH Website sind urheberrechtlich gesch\u00fctzt. Die Vervielf\u00e4ltigung von Informationen oder Daten, insbesondere die Verwendung von Texten, Textteilen oder Bildmaterial bedarf der vorherigen Zustimmung der Dagstar Film GmbH.<\/p>\n<p>Graphics and implementation: Simeon Ostberg<\/p>\n","protected":false},"excerpt":{"rendered":"<p>Dagstar Film GmbH Hirschg\u00e4\u00dfchen 2a 50678 K\u00f6ln Germany Handelsregister HRB 106408 AG K\u00f6ln Fon +49-221-9318 4413 Fax +49-221-9318 4419 info@dagstarfilm.de www.dagstarfilm.de Impressum Vertretungsberechtigter im Sinne des \u00a710 Abs. 1 Nr. 2 und Verantwortlicher nach \u00a710 Abs. 3 MDStV: Dagmar Blume-Niehage Gesch\u00e4ftsf\u00fchrerin: Dagmar Blume-Niehage Dagstar Film GmbH Hirschg\u00e4\u00dfchen 2a 50678 K\u00f6ln \u00a9 Dagstar Film GmbH, K\u00f6ln Rechtshinweis Dagstar Film GmbH pr\u00fcft und aktualisiert die Informationen auf ihrer Website st\u00e4ndig. Trotz aller Sorgfalt k\u00f6nnen &hellip; <a class=\"kt-excerpt-readmore more-link\" href=\"https:\/\/dagstarfilm.de\/en\/impressum\">Read more<\/a><\/p>\n","protected":false},"author":1,"featured_media":0,"parent":0,"menu_order":0,"comment_status":"closed","ping_status":"closed","template":"","meta":{"kt_blocks_editor_width":"","footnotes":""},"class_list":["post-2","page","type-page","status-publish","hentry"],"translation":{"provider":"WPGlobus","version":"3.0.2","language":"en","enabled_languages":["de","en"],"languages":{"de":{"title":true,"content":true,"excerpt":false},"en":{"title":true,"content":true,"excerpt":false}}},"yoast_head":"<!-- This site is optimized with the Yoast SEO plugin v27.3 - https:\/\/yoast.com\/product\/yoast-seo-wordpress\/ -->\n<title>Imprint - dagstar film | Dagmar Niehage<\/title>\n<meta name=\"robots\" content=\"index, follow, max-snippet:-1, max-image-preview:large, max-video-preview:-1\" \/>\n<link rel=\"canonical\" href=\"https:\/\/dagstarfilm.de\/impressum\" \/>\n<meta property=\"og:locale\" content=\"en_GB\" \/>\n<meta property=\"og:type\" content=\"article\" \/>\n<meta property=\"og:title\" content=\"Imprint - dagstar film | Dagmar Niehage\" \/>\n<meta property=\"og:url\" content=\"https:\/\/dagstarfilm.de\/impressum\" \/>\n<meta property=\"og:site_name\" content=\"dagstar film | Dagmar Niehage\" \/>\n<meta property=\"article:modified_time\" content=\"2025-01-08T15:45:52+00:00\" \/>\n<meta name=\"twitter:card\" content=\"summary_large_image\" \/>\n<meta name=\"twitter:label1\" content=\"Estimated reading time\" \/>\n\t<meta name=\"twitter:data1\" content=\"2 minutes\" \/>\n<script type=\"application\/ld+json\" class=\"yoast-schema-graph\">{\"@context\":\"https:\\\/\\\/schema.org\",\"@graph\":[{\"@type\":\"WebPage\",\"@id\":\"https:\\\/\\\/dagstarfilm.de\\\/impressum\",\"url\":\"https:\\\/\\\/dagstarfilm.de\\\/impressum\",\"name\":\"Imprint - dagstar film | Dagmar Niehage\",\"isPartOf\":{\"@id\":\"https:\\\/\\\/dagstarfilm.de\\\/en\\\/#website\"},\"datePublished\":\"2017-11-29T15:25:42+00:00\",\"dateModified\":\"2025-01-08T15:45:52+00:00\",\"breadcrumb\":{\"@id\":\"https:\\\/\\\/dagstarfilm.de\\\/impressum#breadcrumb\"},\"inLanguage\":\"en-GB\",\"potentialAction\":[{\"@type\":\"ReadAction\",\"target\":[\"https:\\\/\\\/dagstarfilm.de\\\/impressum\"]}]},{\"@type\":\"BreadcrumbList\",\"@id\":\"https:\\\/\\\/dagstarfilm.de\\\/impressum#breadcrumb\",\"itemListElement\":[{\"@type\":\"ListItem\",\"position\":1,\"name\":\"Startseite\",\"item\":\"https:\\\/\\\/dagstarfilm.de\\\/en\"},{\"@type\":\"ListItem\",\"position\":2,\"name\":\"Impressum\"}]},{\"@type\":\"WebSite\",\"@id\":\"https:\\\/\\\/dagstarfilm.de\\\/en\\\/#website\",\"url\":\"https:\\\/\\\/dagstarfilm.de\\\/en\\\/\",\"name\":\"dagstar film | Dagmar Niehage\",\"description\":\"\",\"publisher\":{\"@id\":\"https:\\\/\\\/dagstarfilm.de\\\/en\\\/#organization\"},\"potentialAction\":[{\"@type\":\"SearchAction\",\"target\":{\"@type\":\"EntryPoint\",\"urlTemplate\":\"https:\\\/\\\/dagstarfilm.de\\\/en\\\/?s={search_term_string}\"},\"query-input\":{\"@type\":\"PropertyValueSpecification\",\"valueRequired\":true,\"valueName\":\"search_term_string\"}}],\"inLanguage\":\"en-GB\"},{\"@type\":\"Organization\",\"@id\":\"https:\\\/\\\/dagstarfilm.de\\\/en\\\/#organization\",\"name\":\"dagstar film | Dagmar Niehage\",\"url\":\"https:\\\/\\\/dagstarfilm.de\\\/en\\\/\",\"logo\":{\"@type\":\"ImageObject\",\"inLanguage\":\"en-GB\",\"@id\":\"https:\\\/\\\/dagstarfilm.de\\\/en\\\/#\\\/schema\\\/logo\\\/image\\\/\",\"url\":\"https:\\\/\\\/dagstarfilm.de\\\/wp-content\\\/uploads\\\/2017\\\/12\\\/Logo_180x60.png\",\"contentUrl\":\"https:\\\/\\\/dagstarfilm.de\\\/wp-content\\\/uploads\\\/2017\\\/12\\\/Logo_180x60.png\",\"width\":180,\"height\":60,\"caption\":\"dagstar film | Dagmar Niehage\"},\"image\":{\"@id\":\"https:\\\/\\\/dagstarfilm.de\\\/en\\\/#\\\/schema\\\/logo\\\/image\\\/\"}}]}<\/script>\n<!-- \/ Yoast SEO plugin. -->","yoast_head_json":{"title":"Imprint - dagstar film | Dagmar Niehage","robots":{"index":"index","follow":"follow","max-snippet":"max-snippet:-1","max-image-preview":"max-image-preview:large","max-video-preview":"max-video-preview:-1"},"canonical":"https:\/\/dagstarfilm.de\/impressum","og_locale":"en_GB","og_type":"article","og_title":"Imprint - dagstar film | Dagmar Niehage","og_url":"https:\/\/dagstarfilm.de\/impressum","og_site_name":"dagstar film | Dagmar Niehage","article_modified_time":"2025-01-08T15:45:52+00:00","twitter_card":"summary_large_image","twitter_misc":{"Estimated reading time":"2 minutes"},"schema":{"@context":"https:\/\/schema.org","@graph":[{"@type":"WebPage","@id":"https:\/\/dagstarfilm.de\/impressum","url":"https:\/\/dagstarfilm.de\/impressum","name":"Imprint - dagstar film | Dagmar Niehage","isPartOf":{"@id":"https:\/\/dagstarfilm.de\/en\/#website"},"datePublished":"2017-11-29T15:25:42+00:00","dateModified":"2025-01-08T15:45:52+00:00","breadcrumb":{"@id":"https:\/\/dagstarfilm.de\/impressum#breadcrumb"},"inLanguage":"en-GB","potentialAction":[{"@type":"ReadAction","target":["https:\/\/dagstarfilm.de\/impressum"]}]},{"@type":"BreadcrumbList","@id":"https:\/\/dagstarfilm.de\/impressum#breadcrumb","itemListElement":[{"@type":"ListItem","position":1,"name":"Startseite","item":"https:\/\/dagstarfilm.de\/en"},{"@type":"ListItem","position":2,"name":"Impressum"}]},{"@type":"WebSite","@id":"https:\/\/dagstarfilm.de\/en\/#website","url":"https:\/\/dagstarfilm.de\/en\/","name":"dagstar film | Dagmar Niehage","description":"","publisher":{"@id":"https:\/\/dagstarfilm.de\/en\/#organization"},"potentialAction":[{"@type":"SearchAction","target":{"@type":"EntryPoint","urlTemplate":"https:\/\/dagstarfilm.de\/en\/?s={search_term_string}"},"query-input":{"@type":"PropertyValueSpecification","valueRequired":true,"valueName":"search_term_string"}}],"inLanguage":"en-GB"},{"@type":"Organization","@id":"https:\/\/dagstarfilm.de\/en\/#organization","name":"dagstar film | Dagmar Niehage","url":"https:\/\/dagstarfilm.de\/en\/","logo":{"@type":"ImageObject","inLanguage":"en-GB","@id":"https:\/\/dagstarfilm.de\/en\/#\/schema\/logo\/image\/","url":"https:\/\/dagstarfilm.de\/wp-content\/uploads\/2017\/12\/Logo_180x60.png","contentUrl":"https:\/\/dagstarfilm.de\/wp-content\/uploads\/2017\/12\/Logo_180x60.png","width":180,"height":60,"caption":"dagstar film | Dagmar Niehage"},"image":{"@id":"https:\/\/dagstarfilm.de\/en\/#\/schema\/logo\/image\/"}}]}},"_links":{"self":[{"href":"https:\/\/dagstarfilm.de\/en\/wp-json\/wp\/v2\/pages\/2","targetHints":{"allow":["GET"]}}],"collection":[{"href":"https:\/\/dagstarfilm.de\/en\/wp-json\/wp\/v2\/pages"}],"about":[{"href":"https:\/\/dagstarfilm.de\/en\/wp-json\/wp\/v2\/types\/page"}],"author":[{"embeddable":true,"href":"https:\/\/dagstarfilm.de\/en\/wp-json\/wp\/v2\/users\/1"}],"replies":[{"embeddable":true,"href":"https:\/\/dagstarfilm.de\/en\/wp-json\/wp\/v2\/comments?post=2"}],"version-history":[{"count":25,"href":"https:\/\/dagstarfilm.de\/en\/wp-json\/wp\/v2\/pages\/2\/revisions"}],"predecessor-version":[{"id":772,"href":"https:\/\/dagstarfilm.de\/en\/wp-json\/wp\/v2\/pages\/2\/revisions\/772"}],"wp:attachment":[{"href":"https:\/\/dagstarfilm.de\/en\/wp-json\/wp\/v2\/media?parent=2"}],"curies":[{"name":"wp","href":"https:\/\/api.w.org\/{rel}","templated":true}]}}